{"id":353,"date":"2026-04-08T07:39:35","date_gmt":"2026-04-08T07:39:35","guid":{"rendered":"https:\/\/restaurant-menetriers.com\/reserver-2\/"},"modified":"2026-04-14T08:40:58","modified_gmt":"2026-04-14T08:40:58","slug":"book","status":"publish","type":"page","link":"https:\/\/restaurant-menetriers.com\/en\/book\/","title":{"rendered":"Book"},"content":{"rendered":"\t\t<div data-elementor-type=\"wp-page\" data-elementor-id=\"353\" class=\"elementor elementor-353 elementor-206\" data-elementor-post-type=\"page\">\n\t\t\t\t\t\t<section class=\"elementor-section elementor-top-section elementor-element elementor-element-8ef775e elementor-section-boxed elementor-section-height-default elementor-section-height-default\" data-id=\"8ef775e\" data-element_type=\"section\" data-e-type=\"section\" data-settings=\"{&quot;background_background&quot;:&quot;classic&quot;}\">\n\t\t\t\t\t\t\t<div class=\"elementor-background-overlay\"><\/div>\n\t\t\t\t\t\t\t<div class=\"elementor-container elementor-column-gap-default\">\n\t\t\t\t\t<div class=\"elementor-column elementor-col-100 elementor-top-column elementor-element elementor-element-f89f4a7\" data-id=\"f89f4a7\" data-element_type=\"column\" data-e-type=\"column\">\n\t\t\t<div class=\"elementor-widget-wrap elementor-element-populated\">\n\t\t\t\t\t\t<div class=\"elementor-element elementor-element-da136f2 elementor-widget elementor-widget-heading\" data-id=\"da136f2\" data-element_type=\"widget\" data-e-type=\"widget\" data-widget_type=\"heading.default\">\n\t\t\t\t\t<h2 class=\"elementor-heading-title elementor-size-default\">Book online<\/h2>\t\t\t\t<\/div>\n\t\t\t\t<div class=\"elementor-element elementor-element-6eed82d elementor-widget elementor-widget-text-editor\" data-id=\"6eed82d\" data-element_type=\"widget\" data-e-type=\"widget\" data-widget_type=\"text-editor.default\">\n\t\t\t\t\t\t\t\t\t<p>\nWe are open Wednesday through Sunday at lunchtime,<br \/>\nfrom 12:00 PM to 1:45 PM and from 7:00 PM to 9:30 PM.<\/p>\n\t\t\t\t\t\t\t\t<\/div>\n\t\t\t\t<div class=\"elementor-element elementor-element-6c1a678 elementor-widget elementor-widget-html\" data-id=\"6c1a678\" data-element_type=\"widget\" data-e-type=\"widget\" data-widget_type=\"html.default\">\n\t\t\t\t\t<iframe src=\"https:\/\/www.reservations.foodandgood.fr\/restaurant\/au-relais-des-menetriers\" width=\"100%\" height=\"700px\" style=\"border:none;\" title=\"Au Relais des M\u00e9n\u00e9triers\"><\/iframe>\t\t\t\t<\/div>\n\t\t\t\t\t<\/div>\n\t\t<\/div>\n\t\t\t\t\t<\/div>\n\t\t<\/section>\n\t\t\t\t<\/div>\n\t\t","protected":false},"excerpt":{"rendered":"<p>R\u00e9server en ligne Nous sommes ouvert du mercredi au dimanche midi,De 12h00 \u00e0 13h45 et 19h00 \u00e0 21h30.<\/p>\n","protected":false},"author":2,"featured_media":0,"parent":0,"menu_order":0,"comment_status":"closed","ping_status":"closed","template":"","meta":{"_acf_changed":false,"footnotes":""},"class_list":["post-353","page","type-page","status-publish","hentry"],"acf":[],"_links":{"self":[{"href":"https:\/\/restaurant-menetriers.com\/en\/wp-json\/wp\/v2\/pages\/353","targetHints":{"allow":["GET"]}}],"collection":[{"href":"https:\/\/restaurant-menetriers.com\/en\/wp-json\/wp\/v2\/pages"}],"about":[{"href":"https:\/\/restaurant-menetriers.com\/en\/wp-json\/wp\/v2\/types\/page"}],"author":[{"embeddable":true,"href":"https:\/\/restaurant-menetriers.com\/en\/wp-json\/wp\/v2\/users\/2"}],"replies":[{"embeddable":true,"href":"https:\/\/restaurant-menetriers.com\/en\/wp-json\/wp\/v2\/comments?post=353"}],"version-history":[{"count":1,"href":"https:\/\/restaurant-menetriers.com\/en\/wp-json\/wp\/v2\/pages\/353\/revisions"}],"predecessor-version":[{"id":354,"href":"https:\/\/restaurant-menetriers.com\/en\/wp-json\/wp\/v2\/pages\/353\/revisions\/354"}],"wp:attachment":[{"href":"https:\/\/restaurant-menetriers.com\/en\/wp-json\/wp\/v2\/media?parent=353"}],"curies":[{"name":"wp","href":"https:\/\/api.w.org\/{rel}","templated":true}]}}