{"id":348,"date":"2026-04-01T05:35:01","date_gmt":"2026-04-01T05:35:01","guid":{"rendered":"https:\/\/restaurant-menetriers.com\/nos-menus-2\/"},"modified":"2026-04-14T08:40:25","modified_gmt":"2026-04-14T08:40:25","slug":"our-menus","status":"publish","type":"page","link":"https:\/\/restaurant-menetriers.com\/en\/our-menus\/","title":{"rendered":"Our menus"},"content":{"rendered":"\t\t<div data-elementor-type=\"wp-page\" data-elementor-id=\"348\" class=\"elementor elementor-348 elementor-66\" data-elementor-post-type=\"page\">\n\t\t\t\t\t\t<section class=\"elementor-section elementor-top-section elementor-element elementor-element-b508ffa elementor-section-full_width elementor-section-height-min-height elementor-section-items-stretch elementor-section-height-default elementor-invisible\" data-id=\"b508ffa\" data-element_type=\"section\" data-e-type=\"section\" data-settings=\"{&quot;animation&quot;:&quot;fadeIn&quot;}\">\n\t\t\t\t\t\t<div class=\"elementor-container elementor-column-gap-default\">\n\t\t\t\t\t<div class=\"elementor-column elementor-col-100 elementor-top-column elementor-element elementor-element-5778161\" data-id=\"5778161\" data-element_type=\"column\" data-e-type=\"column\" data-settings=\"{&quot;background_background&quot;:&quot;classic&quot;,&quot;background_motion_fx_motion_fx_mouse&quot;:&quot;yes&quot;,&quot;background_motion_fx_mouseTrack_effect&quot;:&quot;yes&quot;,&quot;background_motion_fx_mouseTrack_speed&quot;:{&quot;unit&quot;:&quot;px&quot;,&quot;size&quot;:0.25,&quot;sizes&quot;:[]}}\">\n\t\t\t<div class=\"elementor-widget-wrap elementor-element-populated\">\n\t\t\t\t\t<div class=\"elementor-background-overlay\"><\/div>\n\t\t\t\t\t\t<div class=\"elementor-element elementor-element-02286d5 elementor-widget elementor-widget-heading\" data-id=\"02286d5\" data-element_type=\"widget\" data-e-type=\"widget\" data-widget_type=\"heading.default\">\n\t\t\t\t\t<h1 class=\"elementor-heading-title elementor-size-default\">Our menus<\/h1>\t\t\t\t<\/div>\n\t\t\t\t\t<\/div>\n\t\t<\/div>\n\t\t\t\t\t<\/div>\n\t\t<\/section>\n\t\t\t\t<section class=\"elementor-section elementor-top-section elementor-element elementor-element-92e16b5 elementor-section-full_width elementor-section-height-default elementor-section-height-default\" data-id=\"92e16b5\" data-element_type=\"section\" data-e-type=\"section\" data-settings=\"{&quot;background_background&quot;:&quot;classic&quot;}\">\n\t\t\t\t\t\t\t<div class=\"elementor-background-overlay\"><\/div>\n\t\t\t\t\t\t\t<div class=\"elementor-container elementor-column-gap-default\">\n\t\t\t\t\t<div class=\"elementor-column elementor-col-50 elementor-top-column elementor-element elementor-element-7a573d3 elementor-invisible\" data-id=\"7a573d3\" data-element_type=\"column\" data-e-type=\"column\" data-settings=\"{&quot;animation&quot;:&quot;fadeInLeft&quot;}\">\n\t\t\t<div class=\"elementor-widget-wrap elementor-element-populated\">\n\t\t\t\t\t<div class=\"elementor-background-overlay\"><\/div>\n\t\t\t\t\t\t<div class=\"elementor-element elementor-element-f80ecdd elementor-widget elementor-widget-bouton-foodandgood\" data-id=\"f80ecdd\" data-element_type=\"widget\" data-e-type=\"widget\" data-widget_type=\"bouton-foodandgood.default\">\n\t\t\t\t<div class=\"elementor-widget-container\">\n\t\t\t\t\t<div class=\"carte-menus\"><div class=\"rubric\"><h3 class=\"title-rubric\"><?xml encoding=\"UTF-8\"><div>Prelude Menu<\/div>\n<\/h3><p><?xml encoding=\"UTF-8\"><div><\/div>\n<\/p><div class=\"item\"><h4><?xml encoding=\"UTF-8\"><div>Prelude Menu<\/div>\n<\/h4><div class=\"description\"><?xml encoding=\"UTF-8\"><div><p>Salmon gravlax with leaky echoes<\/p><p>---<\/p><p>Poultry supreme, cauliflower sweetness, homemade golden spaetzle<\/p><p><strong>OR&nbsp;<\/strong><\/p><p>Royal sea bream, variation of cauliflower in namaleka and quinoa<\/p><p>---<\/p><p>Cheese supplement from our region at &euro;12<\/p><p>---<\/p><p>Interpretation of tarte tatin, fondant apples and delicate caramel<\/p><\/div>\n<\/div><div class=\"price\">42.00 \u20ac<\/div><\/div><\/div><\/div>\t\t\t\t<\/div>\n\t\t\t\t<\/div>\n\t\t\t\t\t<\/div>\n\t\t<\/div>\n\t\t\t\t<div class=\"elementor-column elementor-col-50 elementor-top-column elementor-element elementor-element-4bd2190 elementor-invisible\" data-id=\"4bd2190\" data-element_type=\"column\" data-e-type=\"column\" data-settings=\"{&quot;background_background&quot;:&quot;classic&quot;,&quot;animation&quot;:&quot;fadeInRight&quot;}\">\n\t\t\t<div class=\"elementor-widget-wrap elementor-element-populated\">\n\t\t\t\t\t\t<div class=\"elementor-element elementor-element-a60b902 elementor-widget elementor-widget-spacer\" data-id=\"a60b902\" data-element_type=\"widget\" data-e-type=\"widget\" data-widget_type=\"spacer.default\">\n\t\t\t\t\t\t\t<div class=\"elementor-spacer\">\n\t\t\t<div class=\"elementor-spacer-inner\"><\/div>\n\t\t<\/div>\n\t\t\t\t\t\t<\/div>\n\t\t\t\t\t<\/div>\n\t\t<\/div>\n\t\t\t\t\t<\/div>\n\t\t<\/section>\n\t\t\t\t<section class=\"elementor-section elementor-top-section elementor-element elementor-element-c8011d6 elementor-section-full_width elementor-section-height-default elementor-section-height-default\" data-id=\"c8011d6\" data-element_type=\"section\" data-e-type=\"section\" data-settings=\"{&quot;background_background&quot;:&quot;classic&quot;}\">\n\t\t\t\t\t\t<div class=\"elementor-container elementor-column-gap-default\">\n\t\t\t\t\t<div class=\"elementor-column elementor-col-50 elementor-top-column elementor-element elementor-element-0f75ad1 elementor-invisible\" data-id=\"0f75ad1\" data-element_type=\"column\" data-e-type=\"column\" data-settings=\"{&quot;background_background&quot;:&quot;classic&quot;,&quot;animation&quot;:&quot;fadeInLeft&quot;}\">\n\t\t\t<div class=\"elementor-widget-wrap elementor-element-populated\">\n\t\t\t\t\t\t<div class=\"elementor-element elementor-element-b2cae46 elementor-widget elementor-widget-spacer\" data-id=\"b2cae46\" data-element_type=\"widget\" data-e-type=\"widget\" data-widget_type=\"spacer.default\">\n\t\t\t\t\t\t\t<div class=\"elementor-spacer\">\n\t\t\t<div class=\"elementor-spacer-inner\"><\/div>\n\t\t<\/div>\n\t\t\t\t\t\t<\/div>\n\t\t\t\t\t<\/div>\n\t\t<\/div>\n\t\t\t\t<div class=\"elementor-column elementor-col-50 elementor-top-column elementor-element elementor-element-ff6fe2b elementor-invisible\" data-id=\"ff6fe2b\" data-element_type=\"column\" data-e-type=\"column\" data-settings=\"{&quot;animation&quot;:&quot;fadeInRight&quot;}\">\n\t\t\t<div class=\"elementor-widget-wrap elementor-element-populated\">\n\t\t\t\t\t<div class=\"elementor-background-overlay\"><\/div>\n\t\t\t\t\t\t<div class=\"elementor-element elementor-element-a7110f2 elementor-widget elementor-widget-bouton-foodandgood\" data-id=\"a7110f2\" data-element_type=\"widget\" data-e-type=\"widget\" data-widget_type=\"bouton-foodandgood.default\">\n\t\t\t\t<div class=\"elementor-widget-container\">\n\t\t\t\t\t<div class=\"carte-menus\"><div class=\"rubric\"><h3 class=\"title-rubric\"><?xml encoding=\"UTF-8\"><div>Menetriers Menu<\/div>\n<\/h3><p><?xml encoding=\"UTF-8\"><div><\/div>\n<\/p><div class=\"item\"><h4><?xml encoding=\"UTF-8\"><div>Menetriers Menu<\/div>\n<\/h4><div class=\"description\"><?xml encoding=\"UTF-8\"><div><p>Caro d'Ostheim snails, sweet and tangy chard, crispy bacon bits<\/p><p><strong>OR<\/strong><\/p><p>Gently creamy egg, seasonal asparagus, verbena emulsion<\/p><p>---<\/p><p>Alsace trout, harmony of beetroot lentils in colors and textures<\/p><p><strong>OR<\/strong> <\/p><p>Can of prickly pears, sweet celery and caramelized apples, Voatsiperifery and apple sauce<\/p><p>---<\/p><p>Cheese plate from our region<\/p><p><strong>OR<\/strong><\/p><p>Lemon variation, kulfi, pistachio notes<\/p><\/div>\n<\/div><div class=\"price\">56.00 \u20ac<\/div><\/div><\/div><\/div>\t\t\t\t<\/div>\n\t\t\t\t<\/div>\n\t\t\t\t\t<\/div>\n\t\t<\/div>\n\t\t\t\t\t<\/div>\n\t\t<\/section>\n\t\t\t\t<section class=\"elementor-section elementor-top-section elementor-element elementor-element-d4ba4b2 elementor-section-full_width elementor-section-height-default elementor-section-height-default\" data-id=\"d4ba4b2\" data-element_type=\"section\" data-e-type=\"section\" data-settings=\"{&quot;background_background&quot;:&quot;classic&quot;}\">\n\t\t\t\t\t\t\t<div class=\"elementor-background-overlay\"><\/div>\n\t\t\t\t\t\t\t<div class=\"elementor-container elementor-column-gap-default\">\n\t\t\t\t\t<div class=\"elementor-column elementor-col-50 elementor-top-column elementor-element elementor-element-1efba99 elementor-invisible\" data-id=\"1efba99\" data-element_type=\"column\" data-e-type=\"column\" data-settings=\"{&quot;animation&quot;:&quot;fadeInLeft&quot;}\">\n\t\t\t<div class=\"elementor-widget-wrap elementor-element-populated\">\n\t\t\t\t\t<div class=\"elementor-background-overlay\"><\/div>\n\t\t\t\t\t\t<div class=\"elementor-element elementor-element-8ffae67 elementor-widget elementor-widget-bouton-foodandgood\" data-id=\"8ffae67\" data-element_type=\"widget\" data-e-type=\"widget\" data-widget_type=\"bouton-foodandgood.default\">\n\t\t\t\t<div class=\"elementor-widget-container\">\n\t\t\t\t\t<div class=\"carte-menus\"><div class=\"rubric\"><h3 class=\"title-rubric\"><?xml encoding=\"UTF-8\"><div>Harmony Menu<\/div>\n<\/h3><p><?xml encoding=\"UTF-8\"><div><\/div>\n<\/p><div class=\"item\"><h4><?xml encoding=\"UTF-8\"><div>Harmony Menu<\/div>\n<\/h4><div class=\"description\"><?xml encoding=\"UTF-8\"><div><p>Gently creamy egg, seasonal asparagus, verbena emulsion<\/p><p>---<\/p><p>Corolla of mushrooms, undergrowth of oyster mushrooms and Enoki, savory mousse<\/p><p>---<\/p><p>Alsace trout, harmony of lentils, beets in colors and textures<\/p><p><strong>OR<\/strong><\/p><p>Can of Barbarie, sweet celery and caramelized apples with Voatsiperifery and apple sauce<\/p><p>---<\/p><p>Cheese supplement from our region &euro;12<\/p><p>---<\/p><p>Around mango, skrikhand, creamy and tartar, freshness of frozen yogurt<\/p><\/div>\n<\/div><div class=\"price\">66.00 \u20ac<\/div><\/div><\/div><\/div>\t\t\t\t<\/div>\n\t\t\t\t<\/div>\n\t\t\t\t\t<\/div>\n\t\t<\/div>\n\t\t\t\t<div class=\"elementor-column elementor-col-50 elementor-top-column elementor-element elementor-element-020fe11 elementor-invisible\" data-id=\"020fe11\" data-element_type=\"column\" data-e-type=\"column\" data-settings=\"{&quot;background_background&quot;:&quot;classic&quot;,&quot;animation&quot;:&quot;fadeInRight&quot;}\">\n\t\t\t<div class=\"elementor-widget-wrap elementor-element-populated\">\n\t\t\t\t\t\t<div class=\"elementor-element elementor-element-281b368 elementor-widget elementor-widget-spacer\" data-id=\"281b368\" data-element_type=\"widget\" data-e-type=\"widget\" data-widget_type=\"spacer.default\">\n\t\t\t\t\t\t\t<div class=\"elementor-spacer\">\n\t\t\t<div class=\"elementor-spacer-inner\"><\/div>\n\t\t<\/div>\n\t\t\t\t\t\t<\/div>\n\t\t\t\t\t<\/div>\n\t\t<\/div>\n\t\t\t\t\t<\/div>\n\t\t<\/section>\n\t\t\t\t<section class=\"elementor-section elementor-top-section elementor-element elementor-element-b665f28 elementor-section-full_width elementor-section-height-default elementor-section-height-default\" data-id=\"b665f28\" data-element_type=\"section\" data-e-type=\"section\" data-settings=\"{&quot;background_background&quot;:&quot;classic&quot;}\">\n\t\t\t\t\t\t<div class=\"elementor-container elementor-column-gap-default\">\n\t\t\t\t\t<div class=\"elementor-column elementor-col-50 elementor-top-column elementor-element elementor-element-3bd5a2e elementor-invisible\" data-id=\"3bd5a2e\" data-element_type=\"column\" data-e-type=\"column\" data-settings=\"{&quot;background_background&quot;:&quot;classic&quot;,&quot;animation&quot;:&quot;fadeInLeft&quot;}\">\n\t\t\t<div class=\"elementor-widget-wrap elementor-element-populated\">\n\t\t\t\t\t\t<div class=\"elementor-element elementor-element-d58da45 elementor-widget elementor-widget-spacer\" data-id=\"d58da45\" data-element_type=\"widget\" data-e-type=\"widget\" data-widget_type=\"spacer.default\">\n\t\t\t\t\t\t\t<div class=\"elementor-spacer\">\n\t\t\t<div class=\"elementor-spacer-inner\"><\/div>\n\t\t<\/div>\n\t\t\t\t\t\t<\/div>\n\t\t\t\t\t<\/div>\n\t\t<\/div>\n\t\t\t\t<div class=\"elementor-column elementor-col-50 elementor-top-column elementor-element elementor-element-3d41bf4 elementor-invisible\" data-id=\"3d41bf4\" data-element_type=\"column\" data-e-type=\"column\" data-settings=\"{&quot;animation&quot;:&quot;fadeInRight&quot;}\">\n\t\t\t<div class=\"elementor-widget-wrap elementor-element-populated\">\n\t\t\t\t\t<div class=\"elementor-background-overlay\"><\/div>\n\t\t\t\t\t\t<div class=\"elementor-element elementor-element-df70b90 elementor-widget elementor-widget-bouton-foodandgood\" data-id=\"df70b90\" data-element_type=\"widget\" data-e-type=\"widget\" data-widget_type=\"bouton-foodandgood.default\">\n\t\t\t\t<div class=\"elementor-widget-container\">\n\t\t\t\t\t<div class=\"carte-menus\"><div class=\"rubric\"><h3 class=\"title-rubric\"><?xml encoding=\"UTF-8\"><div>Symphony Menu<\/div>\n<\/h3><p><?xml encoding=\"UTF-8\"><div><\/div>\n<\/p><div class=\"item\"><h4><?xml encoding=\"UTF-8\"><div>Symphony Menu<\/div>\n<\/h4><div class=\"description\"><?xml encoding=\"UTF-8\"><div><p>Foie gras terrine, date sweetness with cumin, homemade golden brioche<\/p><p>---<\/p><p>Corolla of mushrooms, undergrowth of oyster mushrooms and Enoki, savory mousse<\/p><p>---<\/p><p>Gentle monkfish, pea spring, crispy chickpea pieces<\/p><p>---<\/p><p>Veal in two ways, delicate potatoes, liquorice sauce<\/p><p>---<\/p><p>Cheese supplement from our region at &euro;12<\/p><p>---<\/p><p>Texture of chocolate, freshness of pear<\/p><\/div>\n<\/div><div class=\"price\">76.00 \u20ac<\/div><\/div><\/div><\/div>\t\t\t\t<\/div>\n\t\t\t\t<\/div>\n\t\t\t\t\t<\/div>\n\t\t<\/div>\n\t\t\t\t\t<\/div>\n\t\t<\/section>\n\t\t\t\t<section class=\"elementor-section elementor-top-section elementor-element elementor-element-2f4bfa4 elementor-section-boxed elementor-section-height-default elementor-section-height-default\" data-id=\"2f4bfa4\" data-element_type=\"section\" data-e-type=\"section\" data-settings=\"{&quot;background_background&quot;:&quot;classic&quot;}\">\n\t\t\t\t\t\t\t<div class=\"elementor-background-overlay\"><\/div>\n\t\t\t\t\t\t\t<div class=\"elementor-container elementor-column-gap-default\">\n\t\t\t\t\t<div class=\"elementor-column elementor-col-100 elementor-top-column elementor-element elementor-element-b408881\" data-id=\"b408881\" data-element_type=\"column\" data-e-type=\"column\">\n\t\t\t<div class=\"elementor-widget-wrap elementor-element-populated\">\n\t\t\t\t\t\t<div class=\"elementor-element elementor-element-6f711a7 elementor-widget elementor-widget-heading\" data-id=\"6f711a7\" data-element_type=\"widget\" data-e-type=\"widget\" data-widget_type=\"heading.default\">\n\t\t\t\t\t<h2 class=\"elementor-heading-title elementor-size-default\">Book online<\/h2>\t\t\t\t<\/div>\n\t\t\t\t<div class=\"elementor-element elementor-element-0791c0f elementor-widget elementor-widget-text-editor\" data-id=\"0791c0f\" data-element_type=\"widget\" data-e-type=\"widget\" data-widget_type=\"text-editor.default\">\n\t\t\t\t\t\t\t\t\t<p>\nWe are open Wednesday through Sunday at lunchtime,<br \/>\nfrom 12:00 PM to 1:45 PM and from 7:00 PM to 9:30 PM.<\/p>\n\t\t\t\t\t\t\t\t<\/div>\n\t\t\t\t<div class=\"elementor-element elementor-element-735493c elementor-widget elementor-widget-html\" data-id=\"735493c\" data-element_type=\"widget\" data-e-type=\"widget\" data-widget_type=\"html.default\">\n\t\t\t\t\t<iframe src=\"https:\/\/www.reservations.foodandgood.fr\/restaurant\/au-relais-des-menetriers\" width=\"100%\" height=\"700px\" style=\"border:none;\" title=\"Au Relais des M\u00e9n\u00e9triers\"><\/iframe>\t\t\t\t<\/div>\n\t\t\t\t\t<\/div>\n\t\t<\/div>\n\t\t\t\t\t<\/div>\n\t\t<\/section>\n\t\t\t\t<\/div>\n\t\t","protected":false},"excerpt":{"rendered":"<p>Nos menus Menu Pr\u00e9lude Menu Pr\u00e9lude Gravlax de saumon aux \u00e9chos fuit\u00e9s &#8212; Supr\u00eame de volaille, douceur de chou-fleur, sp\u00e4tzles maison dor\u00e9s OU&nbsp; Daurade royale, variation de chou-fleur en namaleka et quinoa &#8212; Suppl\u00e9ment fromage de notre r\u00e9gion \u00e0 12\u20ac &#8212; Interpr\u00e9tation de la tarte tatin, pommes fondantes et caramel d\u00e9licat 42.00 \u20ac Menu des [&hellip;]<\/p>\n","protected":false},"author":2,"featured_media":0,"parent":0,"menu_order":0,"comment_status":"closed","ping_status":"closed","template":"","meta":{"_acf_changed":false,"footnotes":""},"class_list":["post-348","page","type-page","status-publish","hentry"],"acf":[],"_links":{"self":[{"href":"https:\/\/restaurant-menetriers.com\/en\/wp-json\/wp\/v2\/pages\/348","targetHints":{"allow":["GET"]}}],"collection":[{"href":"https:\/\/restaurant-menetriers.com\/en\/wp-json\/wp\/v2\/pages"}],"about":[{"href":"https:\/\/restaurant-menetriers.com\/en\/wp-json\/wp\/v2\/types\/page"}],"author":[{"embeddable":true,"href":"https:\/\/restaurant-menetriers.com\/en\/wp-json\/wp\/v2\/users\/2"}],"replies":[{"embeddable":true,"href":"https:\/\/restaurant-menetriers.com\/en\/wp-json\/wp\/v2\/comments?post=348"}],"version-history":[{"count":1,"href":"https:\/\/restaurant-menetriers.com\/en\/wp-json\/wp\/v2\/pages\/348\/revisions"}],"predecessor-version":[{"id":349,"href":"https:\/\/restaurant-menetriers.com\/en\/wp-json\/wp\/v2\/pages\/348\/revisions\/349"}],"wp:attachment":[{"href":"https:\/\/restaurant-menetriers.com\/en\/wp-json\/wp\/v2\/media?parent=348"}],"curies":[{"name":"wp","href":"https:\/\/api.w.org\/{rel}","templated":true}]}}